{"id":96,"date":"2019-01-28T04:46:28","date_gmt":"2019-01-28T04:46:28","guid":{"rendered":"https:\/\/ix.com.ar\/eng\/?page_id=96"},"modified":"2022-09-21T09:23:12","modified_gmt":"2022-09-21T12:23:12","slug":"regional-offices","status":"publish","type":"page","link":"https:\/\/ix.com.ar\/eng\/regional-offices\/","title":{"rendered":"Regional Offices"},"content":{"rendered":"\t\t<div data-elementor-type=\"wp-post\" data-elementor-id=\"96\" class=\"elementor elementor-96\">\n\t\t\t\t\t\t<section class=\"elementor-section elementor-top-section elementor-element elementor-element-7cfa47e elementor-section-boxed elementor-section-height-default elementor-section-height-default\" data-id=\"7cfa47e\" data-element_type=\"section\">\n\t\t\t\t\t\t<div class=\"elementor-container elementor-column-gap-default\">\n\t\t\t\t\t<div class=\"elementor-column elementor-col-50 elementor-top-column elementor-element elementor-element-1bd1f56\" data-id=\"1bd1f56\" data-element_type=\"column\">\n\t\t\t<div class=\"elementor-widget-wrap elementor-element-populated\">\n\t\t\t\t\t\t<div class=\"elementor-element elementor-element-ad7d602 elementor-widget elementor-widget-text-editor\" data-id=\"ad7d602\" data-element_type=\"widget\" data-widget_type=\"text-editor.default\">\n\t\t\t\t<div class=\"elementor-widget-container\">\n\t\t\t\t\t\t\t\t\t<address><h4><span style=\"color: #ff0000;\"><i class=\"fa fa-globe\"><\/i> <strong>ARGENTINA &#8211; HEAD OFFICE <span style=\"color: #000000;\">| <\/span><\/strong><span style=\"color: #000000;\">Leandro N. Alem 449, Piso 1 | CABA, ARGENTINA<\/span><\/span><\/h4><p><i class=\"fa fa-phone-square\"><\/i> +54 11 6311-3000 | <i class=\"fa fa-envelope\"><\/i> <em> contacto@ix.com.ar<\/em><\/p><\/address>\t\t\t\t\t\t\t\t<\/div>\n\t\t\t\t<\/div>\n\t\t\t\t<div class=\"elementor-element elementor-element-3f1570e elementor-widget elementor-widget-google_maps\" data-id=\"3f1570e\" data-element_type=\"widget\" data-widget_type=\"google_maps.default\">\n\t\t\t\t<div class=\"elementor-widget-container\">\n\t\t\t\t\t\t\t<div class=\"elementor-custom-embed\">\n\t\t\t<iframe loading=\"lazy\"\n\t\t\t\t\tsrc=\"https:\/\/maps.google.com\/maps?q=Interconnect&#038;t=m&#038;z=12&#038;output=embed&#038;iwloc=near\"\n\t\t\t\t\ttitle=\"Interconnect\"\n\t\t\t\t\taria-label=\"Interconnect\"\n\t\t\t><\/iframe>\n\t\t<\/div>\n\t\t\t\t\t\t<\/div>\n\t\t\t\t<\/div>\n\t\t\t\t\t<\/div>\n\t\t<\/div>\n\t\t\t\t<div class=\"elementor-column elementor-col-50 elementor-top-column elementor-element elementor-element-719ceb5\" data-id=\"719ceb5\" data-element_type=\"column\">\n\t\t\t<div class=\"elementor-widget-wrap elementor-element-populated\">\n\t\t\t\t\t\t<div class=\"elementor-element elementor-element-deb2f54 elementor-widget elementor-widget-text-editor\" data-id=\"deb2f54\" data-element_type=\"widget\" data-widget_type=\"text-editor.default\">\n\t\t\t\t<div class=\"elementor-widget-container\">\n\t\t\t\t\t\t\t\t\t<address><address><address><address><address><address><h5><span style=\"color: #ff0000;\"><i class=\"fa fa-globe\"><\/i> BRASIL<\/span> | Pra\u00e7a Marcia Aliberti Mammana, 2405, Sumar\u00e9, S\u00e3o Paulo\/SP, CEP 01262-010<\/h5><p><i class=\"fa fa-phone-square\"><\/i> +54 11 6311-3000 | <i class=\"fa fa-envelope\"><\/i> <em>contacto@ix.com.ar<\/em><\/p><\/address><\/address><\/address><\/address><\/address><\/address>\t\t\t\t\t\t\t\t<\/div>\n\t\t\t\t<\/div>\n\t\t\t\t<div class=\"elementor-element elementor-element-b8d5fa5 elementor-widget elementor-widget-google_maps\" data-id=\"b8d5fa5\" data-element_type=\"widget\" data-widget_type=\"google_maps.default\">\n\t\t\t\t<div class=\"elementor-widget-container\">\n\t\t\t\t\t\t\t<div class=\"elementor-custom-embed\">\n\t\t\t<iframe loading=\"lazy\"\n\t\t\t\t\tsrc=\"https:\/\/maps.google.com\/maps?q=Pra%C3%A7a%20Marcia%20Aliberti%20Mammana%2C%202405%2C%20Sumar%C3%A9%2C%20S%C3%A3o%20Paulo%2FSP%2C%20CEP%2001262-010&#038;t=m&#038;z=13&#038;output=embed&#038;iwloc=near\"\n\t\t\t\t\ttitle=\"Pra\u00e7a Marcia Aliberti Mammana, 2405, Sumar\u00e9, S\u00e3o Paulo\/SP, CEP 01262-010\"\n\t\t\t\t\taria-label=\"Pra\u00e7a Marcia Aliberti Mammana, 2405, Sumar\u00e9, S\u00e3o Paulo\/SP, CEP 01262-010\"\n\t\t\t><\/iframe>\n\t\t<\/div>\n\t\t\t\t\t\t<\/div>\n\t\t\t\t<\/div>\n\t\t\t\t\t<\/div>\n\t\t<\/div>\n\t\t\t\t\t<\/div>\n\t\t<\/section>\n\t\t\t\t<section class=\"elementor-section elementor-top-section elementor-element elementor-element-b68c2aa elementor-section-full_width elementor-section-height-default elementor-section-height-default\" data-id=\"b68c2aa\" data-element_type=\"section\">\n\t\t\t\t\t\t<div class=\"elementor-container elementor-column-gap-default\">\n\t\t\t\t\t<div class=\"elementor-column elementor-col-100 elementor-top-column elementor-element elementor-element-6d8a40f\" data-id=\"6d8a40f\" data-element_type=\"column\">\n\t\t\t<div class=\"elementor-widget-wrap elementor-element-populated\">\n\t\t\t\t\t\t<div class=\"elementor-element elementor-element-68d96a0 elementor-widget-divider--view-line elementor-widget elementor-widget-divider\" data-id=\"68d96a0\" data-element_type=\"widget\" data-widget_type=\"divider.default\">\n\t\t\t\t<div class=\"elementor-widget-container\">\n\t\t\t\t\t\t\t<div class=\"elementor-divider\">\n\t\t\t<span class=\"elementor-divider-separator\">\n\t\t\t\t\t\t<\/span>\n\t\t<\/div>\n\t\t\t\t\t\t<\/div>\n\t\t\t\t<\/div>\n\t\t\t\t\t<\/div>\n\t\t<\/div>\n\t\t\t\t\t<\/div>\n\t\t<\/section>\n\t\t\t\t<section class=\"elementor-section elementor-top-section elementor-element elementor-element-f97126b elementor-section-boxed elementor-section-height-default elementor-section-height-default\" data-id=\"f97126b\" data-element_type=\"section\">\n\t\t\t\t\t\t<div class=\"elementor-container elementor-column-gap-default\">\n\t\t\t\t\t<div class=\"elementor-column elementor-col-50 elementor-top-column elementor-element elementor-element-1c4044e\" data-id=\"1c4044e\" data-element_type=\"column\">\n\t\t\t<div class=\"elementor-widget-wrap elementor-element-populated\">\n\t\t\t\t\t\t<div class=\"elementor-element elementor-element-3d6bae1 elementor-widget elementor-widget-text-editor\" data-id=\"3d6bae1\" data-element_type=\"widget\" data-widget_type=\"text-editor.default\">\n\t\t\t\t<div class=\"elementor-widget-container\">\n\t\t\t\t\t\t\t\t\t<address><address><address><address><address><address><h5><span style=\"color: #ff0000;\"><i class=\"fa fa-globe\"><\/i> PER\u00da<\/span> | Av. La Molina N\u00b0 1110, Of. 203 | La Molina, Lima<\/h5><p><i class=\"fa fa-phone-square\"><\/i> +51 1 619 5959 | <i class=\"fa fa-envelope\"><\/i> <em> informes@ix.pe<\/em><\/p><\/address><\/address><\/address><\/address><\/address><\/address>\t\t\t\t\t\t\t\t<\/div>\n\t\t\t\t<\/div>\n\t\t\t\t<div class=\"elementor-element elementor-element-dbb6e70 elementor-widget elementor-widget-google_maps\" data-id=\"dbb6e70\" data-element_type=\"widget\" data-widget_type=\"google_maps.default\">\n\t\t\t\t<div class=\"elementor-widget-container\">\n\t\t\t\t\t\t\t<div class=\"elementor-custom-embed\">\n\t\t\t<iframe loading=\"lazy\"\n\t\t\t\t\tsrc=\"https:\/\/maps.google.com\/maps?q=Av.%20La%20Molina%20N%C2%B0%201110%2C%20Lima%2C%20Peru&#038;t=m&#038;z=12&#038;output=embed&#038;iwloc=near\"\n\t\t\t\t\ttitle=\"Av. La Molina N\u00b0 1110, Lima, Peru\"\n\t\t\t\t\taria-label=\"Av. La Molina N\u00b0 1110, Lima, Peru\"\n\t\t\t><\/iframe>\n\t\t<\/div>\n\t\t\t\t\t\t<\/div>\n\t\t\t\t<\/div>\n\t\t\t\t\t<\/div>\n\t\t<\/div>\n\t\t\t\t<div class=\"elementor-column elementor-col-50 elementor-top-column elementor-element elementor-element-13a2b79\" data-id=\"13a2b79\" data-element_type=\"column\">\n\t\t\t<div class=\"elementor-widget-wrap elementor-element-populated\">\n\t\t\t\t\t\t<div class=\"elementor-element elementor-element-bba8f75 elementor-widget elementor-widget-text-editor\" data-id=\"bba8f75\" data-element_type=\"widget\" data-widget_type=\"text-editor.default\">\n\t\t\t\t<div class=\"elementor-widget-container\">\n\t\t\t\t\t\t\t\t\t<address><address><h5><span style=\"color: #ff0000;\"><i class=\"fa fa-globe\"><\/i> COLOMBIA<\/span> | Carrera 9 #71- 70 Of. 303 | Bogot\u00e1<\/h5><p><i class=\"fa fa-phone-square\"><\/i> +57 1 658 1252 | <i class=\"fa fa-envelope\"><\/i> <em> contacto@ix.com.ar<\/em><\/p><\/address><\/address>\t\t\t\t\t\t\t\t<\/div>\n\t\t\t\t<\/div>\n\t\t\t\t<div class=\"elementor-element elementor-element-b45d4a7 elementor-widget elementor-widget-google_maps\" data-id=\"b45d4a7\" data-element_type=\"widget\" data-widget_type=\"google_maps.default\">\n\t\t\t\t<div class=\"elementor-widget-container\">\n\t\t\t\t\t\t\t<div class=\"elementor-custom-embed\">\n\t\t\t<iframe loading=\"lazy\"\n\t\t\t\t\tsrc=\"https:\/\/maps.google.com\/maps?q=Carrera%209%20%2371-%2070%2C%20bogota%2C%20colombia&#038;t=m&#038;z=12&#038;output=embed&#038;iwloc=near\"\n\t\t\t\t\ttitle=\"Carrera 9 #71- 70, bogota, colombia\"\n\t\t\t\t\taria-label=\"Carrera 9 #71- 70, bogota, colombia\"\n\t\t\t><\/iframe>\n\t\t<\/div>\n\t\t\t\t\t\t<\/div>\n\t\t\t\t<\/div>\n\t\t\t\t\t<\/div>\n\t\t<\/div>\n\t\t\t\t\t<\/div>\n\t\t<\/section>\n\t\t\t\t<section class=\"elementor-section elementor-top-section elementor-element elementor-element-eb18610 elementor-section-full_width elementor-section-height-default elementor-section-height-default\" data-id=\"eb18610\" data-element_type=\"section\">\n\t\t\t\t\t\t<div class=\"elementor-container elementor-column-gap-default\">\n\t\t\t\t\t<div class=\"elementor-column elementor-col-100 elementor-top-column elementor-element elementor-element-dc978ef\" data-id=\"dc978ef\" data-element_type=\"column\">\n\t\t\t<div class=\"elementor-widget-wrap elementor-element-populated\">\n\t\t\t\t\t\t<div class=\"elementor-element elementor-element-3b59321 elementor-widget-divider--view-line elementor-widget elementor-widget-divider\" data-id=\"3b59321\" data-element_type=\"widget\" data-widget_type=\"divider.default\">\n\t\t\t\t<div class=\"elementor-widget-container\">\n\t\t\t\t\t\t\t<div class=\"elementor-divider\">\n\t\t\t<span class=\"elementor-divider-separator\">\n\t\t\t\t\t\t<\/span>\n\t\t<\/div>\n\t\t\t\t\t\t<\/div>\n\t\t\t\t<\/div>\n\t\t\t\t\t<\/div>\n\t\t<\/div>\n\t\t\t\t\t<\/div>\n\t\t<\/section>\n\t\t\t\t<section class=\"elementor-section elementor-top-section elementor-element elementor-element-c7c2bb7 elementor-section-boxed elementor-section-height-default elementor-section-height-default\" data-id=\"c7c2bb7\" data-element_type=\"section\">\n\t\t\t\t\t\t<div class=\"elementor-container elementor-column-gap-default\">\n\t\t\t\t\t<div class=\"elementor-column elementor-col-50 elementor-top-column elementor-element elementor-element-e5b5562\" data-id=\"e5b5562\" data-element_type=\"column\">\n\t\t\t<div class=\"elementor-widget-wrap elementor-element-populated\">\n\t\t\t\t\t\t<div class=\"elementor-element elementor-element-304ba6a elementor-widget elementor-widget-text-editor\" data-id=\"304ba6a\" data-element_type=\"widget\" data-widget_type=\"text-editor.default\">\n\t\t\t\t<div class=\"elementor-widget-container\">\n\t\t\t\t\t\t\t\t\t<address>\n<h5><span style=\"color: #ff0000;\"><i class=\"fa fa-globe\"><\/i> USA<\/span> <span style=\"color: #ff0000;\">&amp;<\/span> <span style=\"color: #ff0000;\">CARIBBEAN<\/span> | Interconnect USA LLC c\/o Regus, 5201 Blue Lagoon Drive, 8th Floor, Miami, 33126, USA<\/h5><i class=\"fa fa-phone-square\"><\/i>\n+1 305 716 4000 | +1 305-716-4007 | <i class=\"fa fa-envelope\"><\/i> <em> contacto@ix.com.ar<\/em>\n\n<\/address>\t\t\t\t\t\t\t\t<\/div>\n\t\t\t\t<\/div>\n\t\t\t\t<div class=\"elementor-element elementor-element-bd1ccc8 elementor-widget elementor-widget-google_maps\" data-id=\"bd1ccc8\" data-element_type=\"widget\" data-widget_type=\"google_maps.default\">\n\t\t\t\t<div class=\"elementor-widget-container\">\n\t\t\t\t\t\t\t<div class=\"elementor-custom-embed\">\n\t\t\t<iframe loading=\"lazy\"\n\t\t\t\t\tsrc=\"https:\/\/maps.google.com\/maps?q=5201%20Blue%20Lagoon%20Drive%2C%20Miami%2C%2033126%2C%20USA&#038;t=m&#038;z=12&#038;output=embed&#038;iwloc=near\"\n\t\t\t\t\ttitle=\"5201 Blue Lagoon Drive, Miami, 33126, USA\"\n\t\t\t\t\taria-label=\"5201 Blue Lagoon Drive, Miami, 33126, USA\"\n\t\t\t><\/iframe>\n\t\t<\/div>\n\t\t\t\t\t\t<\/div>\n\t\t\t\t<\/div>\n\t\t\t\t\t<\/div>\n\t\t<\/div>\n\t\t\t\t<div class=\"elementor-column elementor-col-50 elementor-top-column elementor-element elementor-element-7afa590\" data-id=\"7afa590\" data-element_type=\"column\">\n\t\t\t<div class=\"elementor-widget-wrap elementor-element-populated\">\n\t\t\t\t\t\t<div class=\"elementor-element elementor-element-fb99550 elementor-widget elementor-widget-text-editor\" data-id=\"fb99550\" data-element_type=\"widget\" data-widget_type=\"text-editor.default\">\n\t\t\t\t<div class=\"elementor-widget-container\">\n\t\t\t\t\t\t\t\t\t<address><address><h5><span style=\"color: #ff0000;\"><i class=\"fa fa-globe\"><\/i> CHILE<\/span> | Doctor Manuel Barros Borgo\u00f1o N\u00b0 71 , Oficina 908<br \/>Comuna de Providencia. Santiago de Chile (CP 7500611)\u200b \u200b<\/h5><p><i class=\"fa fa-phone-square\"><\/i> +56 2 322 43924 | <i class=\"fa fa-envelope\"><\/i> <em> contacto@ix.com.ar<\/em><\/p><\/address><\/address>\t\t\t\t\t\t\t\t<\/div>\n\t\t\t\t<\/div>\n\t\t\t\t<div class=\"elementor-element elementor-element-e545c18 elementor-widget elementor-widget-google_maps\" data-id=\"e545c18\" data-element_type=\"widget\" data-widget_type=\"google_maps.default\">\n\t\t\t\t<div class=\"elementor-widget-container\">\n\t\t\t\t\t\t\t<div class=\"elementor-custom-embed\">\n\t\t\t<iframe loading=\"lazy\"\n\t\t\t\t\tsrc=\"https:\/\/maps.google.com\/maps?q=Doctor%20Manuel%20Barros%20Borgo%C3%B1o%20N%C2%B0%2071%2C%20Chile&#038;t=m&#038;z=12&#038;output=embed&#038;iwloc=near\"\n\t\t\t\t\ttitle=\"Doctor Manuel Barros Borgo\u00f1o N\u00b0 71, Chile\"\n\t\t\t\t\taria-label=\"Doctor Manuel Barros Borgo\u00f1o N\u00b0 71, Chile\"\n\t\t\t><\/iframe>\n\t\t<\/div>\n\t\t\t\t\t\t<\/div>\n\t\t\t\t<\/div>\n\t\t\t\t\t<\/div>\n\t\t<\/div>\n\t\t\t\t\t<\/div>\n\t\t<\/section>\n\t\t\t\t<section class=\"elementor-section elementor-top-section elementor-element elementor-element-c3af4fa elementor-section-full_width elementor-section-height-default elementor-section-height-default\" data-id=\"c3af4fa\" data-element_type=\"section\">\n\t\t\t\t\t\t<div class=\"elementor-container elementor-column-gap-default\">\n\t\t\t\t\t<div class=\"elementor-column elementor-col-100 elementor-top-column elementor-element elementor-element-6b46cff\" data-id=\"6b46cff\" data-element_type=\"column\">\n\t\t\t<div class=\"elementor-widget-wrap elementor-element-populated\">\n\t\t\t\t\t\t<div class=\"elementor-element elementor-element-ff6546a elementor-widget-divider--view-line elementor-widget elementor-widget-divider\" data-id=\"ff6546a\" data-element_type=\"widget\" data-widget_type=\"divider.default\">\n\t\t\t\t<div class=\"elementor-widget-container\">\n\t\t\t\t\t\t\t<div class=\"elementor-divider\">\n\t\t\t<span class=\"elementor-divider-separator\">\n\t\t\t\t\t\t<\/span>\n\t\t<\/div>\n\t\t\t\t\t\t<\/div>\n\t\t\t\t<\/div>\n\t\t\t\t\t<\/div>\n\t\t<\/div>\n\t\t\t\t\t<\/div>\n\t\t<\/section>\n\t\t\t\t<section class=\"elementor-section elementor-top-section elementor-element elementor-element-9a5cfb0 elementor-section-boxed elementor-section-height-default elementor-section-height-default\" data-id=\"9a5cfb0\" data-element_type=\"section\">\n\t\t\t\t\t\t<div class=\"elementor-container elementor-column-gap-default\">\n\t\t\t\t\t<div class=\"elementor-column elementor-col-50 elementor-top-column elementor-element elementor-element-35b5a09\" data-id=\"35b5a09\" data-element_type=\"column\">\n\t\t\t<div class=\"elementor-widget-wrap elementor-element-populated\">\n\t\t\t\t\t\t<div class=\"elementor-element elementor-element-30800dd elementor-widget elementor-widget-text-editor\" data-id=\"30800dd\" data-element_type=\"widget\" data-widget_type=\"text-editor.default\">\n\t\t\t\t<div class=\"elementor-widget-container\">\n\t\t\t\t\t\t\t\t\t<address><address>\n<h5><span style=\"color: #ff0000;\"><i class=\"fa fa-globe\"><\/i> URUGUAY<\/span> |\u00a0<span style=\"color: rgba(0, 0, 0, 0.9); font-family: -apple-system, BlinkMacSystemFont, 'Segoe UI', Helvetica, Arial, sans-serif; font-size: 14px; font-style: normal; font-weight: 400; white-space: pre-wrap;\">Plaza Independencia 573 piso 12, Victoria Plaza Office Tower\u00a0| Montevideo<\/span><\/h5>\n<p><i class=\"fa fa-phone-square\"><\/i> +54 11 6311-3000 | <i class=\"fa fa-envelope\"><\/i> <em> contacto@ix.com.ar<\/em><\/p><\/address>\t\t\t\t\t\t\t\t<\/div>\n\t\t\t\t<\/div>\n\t\t\t\t<div class=\"elementor-element elementor-element-53439a3 elementor-widget elementor-widget-google_maps\" data-id=\"53439a3\" data-element_type=\"widget\" data-widget_type=\"google_maps.default\">\n\t\t\t\t<div class=\"elementor-widget-container\">\n\t\t\t\t\t\t\t<div class=\"elementor-custom-embed\">\n\t\t\t<iframe loading=\"lazy\"\n\t\t\t\t\tsrc=\"https:\/\/maps.google.com\/maps?q=5201%20Blue%20Lagoon%20Drive%2C%20Miami%2C%2033126%2C%20USA&#038;t=m&#038;z=12&#038;output=embed&#038;iwloc=near\"\n\t\t\t\t\ttitle=\"5201 Blue Lagoon Drive, Miami, 33126, USA\"\n\t\t\t\t\taria-label=\"5201 Blue Lagoon Drive, Miami, 33126, USA\"\n\t\t\t><\/iframe>\n\t\t<\/div>\n\t\t\t\t\t\t<\/div>\n\t\t\t\t<\/div>\n\t\t\t\t\t<\/div>\n\t\t<\/div>\n\t\t\t\t<div class=\"elementor-column elementor-col-50 elementor-top-column elementor-element elementor-element-d76d2b2\" data-id=\"d76d2b2\" data-element_type=\"column\">\n\t\t\t<div class=\"elementor-widget-wrap\">\n\t\t\t\t\t\t\t<\/div>\n\t\t<\/div>\n\t\t\t\t\t<\/div>\n\t\t<\/section>\n\t\t\t\t<\/div>\n\t\t","protected":false},"excerpt":{"rendered":"<p>ARGENTINA &#8211; HEAD OFFICE | Leandro N. Alem 449, Piso 1 | CABA, ARGENTINA +54 11 6311-3000 | contacto@ix.com.ar BRASIL | Pra\u00e7a Marcia Aliberti Mammana, 2405, Sumar\u00e9, S\u00e3o Paulo\/SP, CEP 01262-010 +54 11 6311-3000 | contacto@ix.com.ar PER\u00da | Av. La Molina N\u00b0 1110, Of. 203 | La Molina, Lima +51 1 619 5959 | informes@ix.pe<\/p>\n<p class=\"more-link\"><a href=\"https:\/\/ix.com.ar\/eng\/regional-offices\/\" class=\"themebutton\">Read More<\/a><\/p>\n","protected":false},"author":1,"featured_media":0,"parent":0,"menu_order":0,"comment_status":"closed","ping_status":"closed","template":"","meta":{"footnotes":""},"class_list":["post-96","page","type-page","status-publish","hentry"],"_links":{"self":[{"href":"https:\/\/ix.com.ar\/eng\/wp-json\/wp\/v2\/pages\/96","targetHints":{"allow":["GET"]}}],"collection":[{"href":"https:\/\/ix.com.ar\/eng\/wp-json\/wp\/v2\/pages"}],"about":[{"href":"https:\/\/ix.com.ar\/eng\/wp-json\/wp\/v2\/types\/page"}],"author":[{"embeddable":true,"href":"https:\/\/ix.com.ar\/eng\/wp-json\/wp\/v2\/users\/1"}],"replies":[{"embeddable":true,"href":"https:\/\/ix.com.ar\/eng\/wp-json\/wp\/v2\/comments?post=96"}],"version-history":[{"count":34,"href":"https:\/\/ix.com.ar\/eng\/wp-json\/wp\/v2\/pages\/96\/revisions"}],"predecessor-version":[{"id":590,"href":"https:\/\/ix.com.ar\/eng\/wp-json\/wp\/v2\/pages\/96\/revisions\/590"}],"wp:attachment":[{"href":"https:\/\/ix.com.ar\/eng\/wp-json\/wp\/v2\/media?parent=96"}],"curies":[{"name":"wp","href":"https:\/\/api.w.org\/{rel}","templated":true}]}}